{"id":557,"date":"2025-06-29T12:01:02","date_gmt":"2025-06-29T12:01:02","guid":{"rendered":"https:\/\/www.prolepsys.pt\/?page_id=557"},"modified":"2025-06-29T12:08:33","modified_gmt":"2025-06-29T12:08:33","slug":"gairifo-santos","status":"publish","type":"page","link":"https:\/\/www.prolepsys.pt\/?page_id=557","title":{"rendered":"Gairifo Santos"},"content":{"rendered":"\n<p>Gairifo Santos nasceu em Alpolentim, uma pequena aldeia na pitoresca regi\u00e3o saloia. Batizado como Guilherme Gairifo dos Santos, o mundo conhece-o simplesmente por Gairifo Santos ou apenas por Gairifo. Ao longo da vida, abra\u00e7ou diversos desafios e demonstrou uma versatilidade not\u00e1vel.<br>Com uma paix\u00e3o pela fotografia e um profundo apre\u00e7o pela natureza, Gairifo Santos encontra beleza no mundo que o rodeia. No entanto, o seu maior orgulho reside na sua fam\u00edlia, raz\u00e3o de uma vida plena de amor e dedica\u00e7\u00e3o.<\/p>\n\n\n\n<figure class=\"wp-block-image size-full is-resized\"><a href=\"https:\/\/www.prolepsys.pt\/?product=retratos-da-vida-saloia\"><img loading=\"lazy\" decoding=\"async\" width=\"600\" height=\"952\" src=\"https:\/\/www.prolepsys.pt\/wp-content\/uploads\/2025\/06\/Retratos-da-Vida-Saloia-Capa.jpg\" alt=\"Retratos da Vida Saloia Capa\" class=\"wp-image-555\" style=\"width:146px;height:auto\" srcset=\"https:\/\/www.prolepsys.pt\/wp-content\/uploads\/2025\/06\/Retratos-da-Vida-Saloia-Capa.jpg 600w, https:\/\/www.prolepsys.pt\/wp-content\/uploads\/2025\/06\/Retratos-da-Vida-Saloia-Capa-189x300.jpg 189w\" sizes=\"auto, (max-width: 600px) 100vw, 600px\" \/><\/a><\/figure>\n","protected":false},"excerpt":{"rendered":"<p>Gairifo Santos nasceu em Alpolentim, uma pequena aldeia na pitoresca regi\u00e3o saloia. Batizado como Guilherme Gairifo dos Santos, o mundo conhece-o simplesmente por Gairifo Santos ou apenas por Gairifo. Ao longo da vida, abra\u00e7ou diversos desafios e demonstrou uma versatilidade not\u00e1vel.Com uma paix\u00e3o pela fotografia e um profundo apre\u00e7o pela natureza, Gairifo Santos encontra beleza [&hellip;]<\/p>\n","protected":false},"author":2,"featured_media":0,"parent":121,"menu_order":0,"comment_status":"closed","ping_status":"closed","template":"","meta":{"footnotes":""},"class_list":["post-557","page","type-page","status-publish","hentry"],"_links":{"self":[{"href":"https:\/\/www.prolepsys.pt\/index.php?rest_route=\/wp\/v2\/pages\/557","targetHints":{"allow":["GET"]}}],"collection":[{"href":"https:\/\/www.prolepsys.pt\/index.php?rest_route=\/wp\/v2\/pages"}],"about":[{"href":"https:\/\/www.prolepsys.pt\/index.php?rest_route=\/wp\/v2\/types\/page"}],"author":[{"embeddable":true,"href":"https:\/\/www.prolepsys.pt\/index.php?rest_route=\/wp\/v2\/users\/2"}],"replies":[{"embeddable":true,"href":"https:\/\/www.prolepsys.pt\/index.php?rest_route=%2Fwp%2Fv2%2Fcomments&post=557"}],"version-history":[{"count":3,"href":"https:\/\/www.prolepsys.pt\/index.php?rest_route=\/wp\/v2\/pages\/557\/revisions"}],"predecessor-version":[{"id":561,"href":"https:\/\/www.prolepsys.pt\/index.php?rest_route=\/wp\/v2\/pages\/557\/revisions\/561"}],"up":[{"embeddable":true,"href":"https:\/\/www.prolepsys.pt\/index.php?rest_route=\/wp\/v2\/pages\/121"}],"wp:attachment":[{"href":"https:\/\/www.prolepsys.pt\/index.php?rest_route=%2Fwp%2Fv2%2Fmedia&parent=557"}],"curies":[{"name":"wp","href":"https:\/\/api.w.org\/{rel}","templated":true}]}}