{"id":542,"date":"2025-03-10T17:14:27","date_gmt":"2025-03-10T17:14:27","guid":{"rendered":"https:\/\/www.prolepsys.pt\/?post_type=product&#038;p=542"},"modified":"2025-10-09T23:23:36","modified_gmt":"2025-10-09T23:23:36","slug":"artesanato-de-nisa-o-legado-de-um-povo","status":"publish","type":"product","link":"https:\/\/www.prolepsys.pt\/?product=artesanato-de-nisa-o-legado-de-um-povo","title":{"rendered":"Artesanato de Nisa &#8211; O Legado de um Povo"},"content":{"rendered":"<p>Entre as colinas e plan\u00edcies da bela vila de Nisa, reside uma riqueza que vai al\u00e9m do que os olhos podem ver. \u00c9 uma riqueza tecida pelos habilidosos dedos dos seus artes\u00e3os, aqueles que ao longo dos tempos moldaram n\u00e3o apenas objetos, mas tamb\u00e9m a pr\u00f3pria identidade cultural desta terra encantadora. Este livro \u00e9 um tributo a todos os artes\u00e3os do concelho de Nisa, incluindo os que j\u00e1 partiram, pois cada um deles deixou uma marca indel\u00e9vel na cultura regional, concelhia e local.<br \/>\nEste livro \u00e9 uma homenagem a cada artes\u00e3o que, com o seu talento e esfor\u00e7o, contribuiu para a rica tape\u00e7aria cultural de Nisa. \u00c9 uma celebra\u00e7\u00e3o \u00e0s suas vidas, \u00e0s suas hist\u00f3rias e \u00e0s suas obras.<br \/>\nQue possamos todos reconhecer e valorizar o legado que nos deixaram, porque vamos continuar a apoiar e a incentivar os novos artes\u00e3os que mant\u00eam viva esta magn\u00edfica tradi\u00e7\u00e3o.<\/p>\n","protected":false},"excerpt":{"rendered":"<p>Entre as colinas e plan\u00edcies da bela vila de Nisa, reside uma riqueza que vai al\u00e9m do que os olhos podem ver. \u00c9 uma riqueza tecida pelos habilidosos dedos dos seus artes\u00e3os, aqueles que ao longo dos tempos moldaram n\u00e3o apenas objetos, mas tamb\u00e9m a pr\u00f3pria identidade cultural desta terra encantadora. Este livro \u00e9 um [&hellip;]<\/p>\n","protected":false},"featured_media":534,"comment_status":"closed","ping_status":"closed","template":"","meta":[],"product_brand":[],"product_cat":[35],"product_tag":[],"class_list":{"0":"post-542","1":"product","2":"type-product","3":"status-publish","4":"has-post-thumbnail","6":"product_cat-livro","7":"product_shipping_class-livros","9":"first","10":"outofstock","11":"shipping-taxable","12":"purchasable","13":"product-type-simple"},"_links":{"self":[{"href":"https:\/\/www.prolepsys.pt\/index.php?rest_route=\/wp\/v2\/product\/542","targetHints":{"allow":["GET"]}}],"collection":[{"href":"https:\/\/www.prolepsys.pt\/index.php?rest_route=\/wp\/v2\/product"}],"about":[{"href":"https:\/\/www.prolepsys.pt\/index.php?rest_route=\/wp\/v2\/types\/product"}],"replies":[{"embeddable":true,"href":"https:\/\/www.prolepsys.pt\/index.php?rest_route=%2Fwp%2Fv2%2Fcomments&post=542"}],"wp:featuredmedia":[{"embeddable":true,"href":"https:\/\/www.prolepsys.pt\/index.php?rest_route=\/wp\/v2\/media\/534"}],"wp:attachment":[{"href":"https:\/\/www.prolepsys.pt\/index.php?rest_route=%2Fwp%2Fv2%2Fmedia&parent=542"}],"wp:term":[{"taxonomy":"product_brand","embeddable":true,"href":"https:\/\/www.prolepsys.pt\/index.php?rest_route=%2Fwp%2Fv2%2Fproduct_brand&post=542"},{"taxonomy":"product_cat","embeddable":true,"href":"https:\/\/www.prolepsys.pt\/index.php?rest_route=%2Fwp%2Fv2%2Fproduct_cat&post=542"},{"taxonomy":"product_tag","embeddable":true,"href":"https:\/\/www.prolepsys.pt\/index.php?rest_route=%2Fwp%2Fv2%2Fproduct_tag&post=542"}],"curies":[{"name":"wp","href":"https:\/\/api.w.org\/{rel}","templated":true}]}}